{"id":681,"date":"2024-12-18T15:29:27","date_gmt":"2024-12-18T18:29:27","guid":{"rendered":"http:\/\/clear.com.ar\/?page_id=681"},"modified":"2025-12-05T16:13:37","modified_gmt":"2025-12-05T19:13:37","slug":"certificaciones-2","status":"publish","type":"page","link":"https:\/\/clear.com.ar\/en\/certificaciones-2\/","title":{"rendered":"Certificaciones"},"content":{"rendered":"<div   class='avia-fullscreen-slider main_color   avia-builder-el-0  el_before_av_section  avia-builder-el-first  container_wrap fullsize'  >\n<style type=\"text\/css\" data-created_by=\"avia_inline_auto\" id=\"style-css-av-m3x271b7-735763b012db42b5f6e3475ce3091fa4\">\n#top #wrap_all .avia-slideshow .av-slideshow-caption.av-m3x271b7-735763b012db42b5f6e3475ce3091fa4__0 .avia-caption-title{\nfont-size:40px;\n}\n#top .avia-slideshow .av-slideshow-caption.av-m3x271b7-735763b012db42b5f6e3475ce3091fa4__0 .avia-caption-content{\nfont-size:20px;\n}\n#top .avia-slideshow .av-slideshow-caption.av-m3x271b7-735763b012db42b5f6e3475ce3091fa4__0 .avia-caption-content p{\nfont-size:20px;\n}\n<\/style>\n<a href='#next-section' title='' class='scroll-down-link av-control-default' aria-hidden='true' data-av_icon='\ue877' data-av_iconfont='entypo-fontello'><\/a><div  class='avia-slideshow av-m3x271b7-735763b012db42b5f6e3475ce3091fa4 avia-slideshow-large av_fullscreen avia-slide-slider av-slideshow-ui av-control-default av-slideshow-manual av-loop-once av-loop-manual-endless av-slider-scroll-down-active av-default-height-applied   avia-slideshow-1' data-slideshow-options=\"{&quot;animation&quot;:&quot;slide&quot;,&quot;autoplay&quot;:false,&quot;loop_autoplay&quot;:&quot;once&quot;,&quot;interval&quot;:5,&quot;loop_manual&quot;:&quot;manual-endless&quot;,&quot;autoplay_stopper&quot;:false,&quot;noNavigation&quot;:false,&quot;bg_slider&quot;:true,&quot;keep_padding&quot;:false,&quot;hoverpause&quot;:false,&quot;show_slide_delay&quot;:0,&quot;slide_height&quot;:&quot;100&quot;,&quot;image_attachment&quot;:&quot;&quot;}\"  itemprop=\"image\" itemscope=\"itemscope\" itemtype=\"https:\/\/schema.org\/ImageObject\" ><ul class='avia-slideshow-inner ' style='padding-bottom: 75.04854368932%;'><li style='background-position:center center;' data-img-url='https:\/\/clear.com.ar\/wp-content\/uploads\/2024\/11\/Header-01-1030x773.jpg' class='avia-slideshow-slide av-m3x271b7-735763b012db42b5f6e3475ce3091fa4__0  av-single-slide slide-1 slide-odd'><div data-rel='slideshow-1' class='avia-slide-wrap '   ><div class='av-slideshow-caption av-m3x271b7-735763b012db42b5f6e3475ce3091fa4__0 caption_fullwidth caption_left'><div class=\"container caption_container\"><div class=\"slideshow_caption\"><div class=\"slideshow_inner_caption\"><div class=\"slideshow_align_caption\"><h2 class='avia-caption-title '  itemprop=\"name\" >Certificaciones<\/h2><div class='avia-caption-content '  itemprop=\"description\" ><p>Documentos que integramos en todos los procedimientos operativos, t\u00e9cnicos, administrativos y gerenciales para coordinar las acciones de nuestro potencial de trabajo y la informaci\u00f3n de la organizaci\u00f3n de manera pr\u00e1ctica y sistematizada. Esto nos ayuda a mejorar la calidad en todos nuestros clientes, proveedores y socios de negocio.<\/p>\n<\/div><\/div><\/div><\/div><\/div><\/div><div class='av-section-color-overlay' style='opacity: 0.7; background-color: #002835; '><\/div><\/div><\/li><\/ul><\/div><\/div>\n<div id='av_section_1'  class='avia-section av-mwkxt-e1b363d934bc30689138b2d3518d311d main_color avia-section-default avia-no-border-styling  avia-builder-el-1  el_after_av_fullscreen  avia-builder-el-last  avia-bg-style-scroll container_wrap fullsize'  ><div class='container av-section-cont-open' ><div class='template-page content  av-content-full alpha units'><div class='post-entry post-entry-type-page post-entry-681'><div class='entry-content-wrapper clearfix'>\n<div  class='flex_column av-b4vup-7a32fd79edeb14a3901c4a0749bd4076 av_one_full  avia-builder-el-2  avia-builder-el-no-sibling  first flex_column_div  '     ><p>\n<style type=\"text\/css\" data-created_by=\"avia_inline_auto\" id=\"style-css-av-10k41-549f4d94fbfb8d4f9d3bce58a2abc37a\">\n#top .hr.hr-invisible.av-10k41-549f4d94fbfb8d4f9d3bce58a2abc37a{\nheight:30px;\n}\n<\/style>\n<div  class='hr av-10k41-549f4d94fbfb8d4f9d3bce58a2abc37a hr-invisible  avia-builder-el-3  el_before_av_masonry_gallery  avia-builder-el-no-sibling '><span class='hr-inner '><span class=\"hr-inner-style\"><\/span><\/span><\/div><br \/>\n\n<style type=\"text\/css\" data-created_by=\"avia_inline_auto\" id=\"style-css-av-mhkxs9x0-fd41b05e0d173c24bfdd2f6796076163\">\n.av-masonry.av-mhkxs9x0-fd41b05e0d173c24bfdd2f6796076163 .avia-curtain-reveal-overlay{\nbackground:#023744;\nz-index:100;\n}\n<\/style>\n<div id='av-masonry-1' class='av-masonry av-mhkxs9x0-fd41b05e0d173c24bfdd2f6796076163 noHover av-fixed-size av-large-gap av-hover-overlay-bluronhover av-masonry-animation-curtain-reveal-ltr av-masonry-col-4 av-caption-always av-caption-style- av-masonry-gallery av-orientation-portrait av-masonry-animation-curtain-reveal ' data-post_id=\"681\"><div class=\"av-masonry-container isotope av-js-disabled\"><div class='av-masonry-entry isotope-item av-masonry-item-no-image '><\/div><a href=\"https:\/\/clear.com.ar\/wp-content\/uploads\/2025\/11\/5.png\" data-srcset=\"https:\/\/clear.com.ar\/wp-content\/uploads\/2025\/11\/5.png 614w, https:\/\/clear.com.ar\/wp-content\/uploads\/2025\/11\/5-221x300.png 221w, https:\/\/clear.com.ar\/wp-content\/uploads\/2025\/11\/5-518x705.png 518w\" data-sizes=\"(max-width: 614px) 100vw, 614px\"  aria-label=\"image 5\"  id='av-masonry-1-item-1775' data-av-masonry-item='1775' class='av-masonry-entry isotope-item post-1775 attachment type-attachment status-inherit hentry  av-masonry-item-with-image' title=\"5\" alt=\"\"    itemprop=\"thumbnailUrl\" ><div class='av-inner-masonry-sizer'><\/div><figure class='av-inner-masonry main_color'><div class='avia-curtain-reveal-overlay curtain-reveal-ltr'><\/div><div class=\"av-masonry-outerimage-container\"><div class='av-masonry-image-container' style=\"background-image: url(https:\/\/clear.com.ar\/wp-content\/uploads\/2025\/11\/5.png);\"  title=\"5\" ><\/div><\/div><figcaption class='av-inner-masonry-content site-background'><div class='av-inner-masonry-content-pos'><div class='av-inner-masonry-content-pos-content'><div class='avia-arrow'><\/div><h3 class='av-masonry-entry-title entry-title '  itemprop=\"headline\" >5<\/h3><\/div><\/div><\/figcaption><\/figure><\/a><!--end av-masonry entry--><a href=\"https:\/\/clear.com.ar\/wp-content\/uploads\/2025\/11\/4.png\" data-srcset=\"https:\/\/clear.com.ar\/wp-content\/uploads\/2025\/11\/4.png 614w, https:\/\/clear.com.ar\/wp-content\/uploads\/2025\/11\/4-208x300.png 208w, https:\/\/clear.com.ar\/wp-content\/uploads\/2025\/11\/4-488x705.png 488w\" data-sizes=\"(max-width: 614px) 100vw, 614px\"  aria-label=\"image 4\"  id='av-masonry-1-item-1777' data-av-masonry-item='1777' class='av-masonry-entry isotope-item post-1777 attachment type-attachment status-inherit hentry  av-masonry-item-with-image' title=\"4\" alt=\"\"    itemprop=\"thumbnailUrl\" ><div class='av-inner-masonry-sizer'><\/div><figure class='av-inner-masonry main_color'><div class='avia-curtain-reveal-overlay curtain-reveal-ltr'><\/div><div class=\"av-masonry-outerimage-container\"><div class='av-masonry-image-container' style=\"background-image: url(https:\/\/clear.com.ar\/wp-content\/uploads\/2025\/11\/4.png);\"  title=\"4\" ><\/div><\/div><figcaption class='av-inner-masonry-content site-background'><div class='av-inner-masonry-content-pos'><div class='av-inner-masonry-content-pos-content'><div class='avia-arrow'><\/div><h3 class='av-masonry-entry-title entry-title '  itemprop=\"headline\" >4<\/h3><\/div><\/div><\/figcaption><\/figure><\/a><!--end av-masonry entry--><a href=\"https:\/\/clear.com.ar\/wp-content\/uploads\/2025\/11\/3.png\" data-srcset=\"https:\/\/clear.com.ar\/wp-content\/uploads\/2025\/11\/3.png 604w, https:\/\/clear.com.ar\/wp-content\/uploads\/2025\/11\/3-213x300.png 213w, https:\/\/clear.com.ar\/wp-content\/uploads\/2025\/11\/3-500x705.png 500w\" data-sizes=\"(max-width: 604px) 100vw, 604px\"  aria-label=\"image 3\"  id='av-masonry-1-item-1779' data-av-masonry-item='1779' class='av-masonry-entry isotope-item post-1779 attachment type-attachment status-inherit hentry  av-masonry-item-with-image' title=\"3\" alt=\"\"    itemprop=\"thumbnailUrl\" ><div class='av-inner-masonry-sizer'><\/div><figure class='av-inner-masonry main_color'><div class='avia-curtain-reveal-overlay curtain-reveal-ltr'><\/div><div class=\"av-masonry-outerimage-container\"><div class='av-masonry-image-container' style=\"background-image: url(https:\/\/clear.com.ar\/wp-content\/uploads\/2025\/11\/3.png);\"  title=\"3\" ><\/div><\/div><figcaption class='av-inner-masonry-content site-background'><div class='av-inner-masonry-content-pos'><div class='av-inner-masonry-content-pos-content'><div class='avia-arrow'><\/div><h3 class='av-masonry-entry-title entry-title '  itemprop=\"headline\" >3<\/h3><\/div><\/div><\/figcaption><\/figure><\/a><!--end av-masonry entry--><a href=\"https:\/\/clear.com.ar\/wp-content\/uploads\/2025\/11\/2.png\" data-srcset=\"https:\/\/clear.com.ar\/wp-content\/uploads\/2025\/11\/2.png 604w, https:\/\/clear.com.ar\/wp-content\/uploads\/2025\/11\/2-206x300.png 206w, https:\/\/clear.com.ar\/wp-content\/uploads\/2025\/11\/2-483x705.png 483w\" data-sizes=\"(max-width: 604px) 100vw, 604px\"  aria-label=\"image 2\"  id='av-masonry-1-item-1781' data-av-masonry-item='1781' class='av-masonry-entry isotope-item post-1781 attachment type-attachment status-inherit hentry  av-masonry-item-with-image' title=\"2\" alt=\"\"    itemprop=\"thumbnailUrl\" ><div class='av-inner-masonry-sizer'><\/div><figure class='av-inner-masonry main_color'><div class='avia-curtain-reveal-overlay curtain-reveal-ltr'><\/div><div class=\"av-masonry-outerimage-container\"><div class='av-masonry-image-container' style=\"background-image: url(https:\/\/clear.com.ar\/wp-content\/uploads\/2025\/11\/2.png);\"  title=\"2\" ><\/div><\/div><figcaption class='av-inner-masonry-content site-background'><div class='av-inner-masonry-content-pos'><div class='av-inner-masonry-content-pos-content'><div class='avia-arrow'><\/div><h3 class='av-masonry-entry-title entry-title '  itemprop=\"headline\" >2<\/h3><\/div><\/div><\/figcaption><\/figure><\/a><!--end av-masonry entry--><a href=\"https:\/\/clear.com.ar\/wp-content\/uploads\/2025\/11\/1.png\" data-srcset=\"https:\/\/clear.com.ar\/wp-content\/uploads\/2025\/11\/1.png 604w, https:\/\/clear.com.ar\/wp-content\/uploads\/2025\/11\/1-206x300.png 206w, https:\/\/clear.com.ar\/wp-content\/uploads\/2025\/11\/1-483x705.png 483w\" data-sizes=\"(max-width: 604px) 100vw, 604px\"  aria-label=\"image 1\"  id='av-masonry-1-item-1783' data-av-masonry-item='1783' class='av-masonry-entry isotope-item post-1783 attachment type-attachment status-inherit hentry  av-masonry-item-with-image' title=\"1\" alt=\"\"    itemprop=\"thumbnailUrl\" ><div class='av-inner-masonry-sizer'><\/div><figure class='av-inner-masonry main_color'><div class='avia-curtain-reveal-overlay curtain-reveal-ltr'><\/div><div class=\"av-masonry-outerimage-container\"><div class='av-masonry-image-container' style=\"background-image: url(https:\/\/clear.com.ar\/wp-content\/uploads\/2025\/11\/1.png);\"  title=\"1\" ><\/div><\/div><figcaption class='av-inner-masonry-content site-background'><div class='av-inner-masonry-content-pos'><div class='av-inner-masonry-content-pos-content'><div class='avia-arrow'><\/div><h3 class='av-masonry-entry-title entry-title '  itemprop=\"headline\" >1<\/h3><\/div><\/div><\/figcaption><\/figure><\/a><!--end av-masonry entry--><a href=\"https:\/\/clear.com.ar\/wp-content\/uploads\/2025\/12\/6-738x1030.png\" data-srcset=\"https:\/\/clear.com.ar\/wp-content\/uploads\/2025\/12\/6-738x1030.png 738w, https:\/\/clear.com.ar\/wp-content\/uploads\/2025\/12\/6-215x300.png 215w, https:\/\/clear.com.ar\/wp-content\/uploads\/2025\/12\/6-768x1072.png 768w, https:\/\/clear.com.ar\/wp-content\/uploads\/2025\/12\/6-1101x1536.png 1101w, https:\/\/clear.com.ar\/wp-content\/uploads\/2025\/12\/6-1467x2048.png 1467w, https:\/\/clear.com.ar\/wp-content\/uploads\/2025\/12\/6-1075x1500.png 1075w, https:\/\/clear.com.ar\/wp-content\/uploads\/2025\/12\/6-505x705.png 505w, https:\/\/clear.com.ar\/wp-content\/uploads\/2025\/12\/6.png 1562w\" data-sizes=\"(max-width: 738px) 100vw, 738px\"  aria-label=\"image 6\"  id='av-masonry-1-item-1894' data-av-masonry-item='1894' class='av-masonry-entry isotope-item post-1894 attachment type-attachment status-inherit hentry  av-masonry-item-with-image' title=\"6\" alt=\"\"    itemprop=\"thumbnailUrl\" ><div class='av-inner-masonry-sizer'><\/div><figure class='av-inner-masonry main_color'><div class='avia-curtain-reveal-overlay curtain-reveal-ltr'><\/div><div class=\"av-masonry-outerimage-container\"><div class='av-masonry-image-container' style=\"background-image: url(https:\/\/clear.com.ar\/wp-content\/uploads\/2025\/12\/6.png);\"  title=\"6\" ><\/div><\/div><figcaption class='av-inner-masonry-content site-background'><div class='av-inner-masonry-content-pos'><div class='av-inner-masonry-content-pos-content'><div class='avia-arrow'><\/div><h3 class='av-masonry-entry-title entry-title '  itemprop=\"headline\" >6<\/h3><\/div><\/div><\/figcaption><\/figure><\/a><!--end av-masonry entry--><\/div><\/div><\/p><\/div>\n","protected":false},"excerpt":{"rendered":"","protected":false},"author":1,"featured_media":0,"parent":0,"menu_order":0,"comment_status":"closed","ping_status":"open","template":"","meta":{"om_disable_all_campaigns":false,"footnotes":""},"class_list":["post-681","page","type-page","status-publish","hentry"],"_links":{"self":[{"href":"https:\/\/clear.com.ar\/en\/wp-json\/wp\/v2\/pages\/681","targetHints":{"allow":["GET"]}}],"collection":[{"href":"https:\/\/clear.com.ar\/en\/wp-json\/wp\/v2\/pages"}],"about":[{"href":"https:\/\/clear.com.ar\/en\/wp-json\/wp\/v2\/types\/page"}],"author":[{"embeddable":true,"href":"https:\/\/clear.com.ar\/en\/wp-json\/wp\/v2\/users\/1"}],"replies":[{"embeddable":true,"href":"https:\/\/clear.com.ar\/en\/wp-json\/wp\/v2\/comments?post=681"}],"version-history":[{"count":11,"href":"https:\/\/clear.com.ar\/en\/wp-json\/wp\/v2\/pages\/681\/revisions"}],"predecessor-version":[{"id":1895,"href":"https:\/\/clear.com.ar\/en\/wp-json\/wp\/v2\/pages\/681\/revisions\/1895"}],"wp:attachment":[{"href":"https:\/\/clear.com.ar\/en\/wp-json\/wp\/v2\/media?parent=681"}],"curies":[{"name":"wp","href":"https:\/\/api.w.org\/{rel}","templated":true}]}}